{"id":99,"date":"2020-12-18T11:04:03","date_gmt":"2020-12-18T10:04:03","guid":{"rendered":"https:\/\/art.karsten-goetz.de\/?page_id=99"},"modified":"2021-09-20T11:41:56","modified_gmt":"2021-09-20T09:41:56","slug":"ueber-mich","status":"publish","type":"page","link":"https:\/\/art.karsten-goetz.de\/en\/ueber-mich\/","title":{"rendered":"About me"},"content":{"rendered":"<div style=\"height:100px\" aria-hidden=\"true\" class=\"wp-block-spacer\"><\/div>\n\n\n\n<div class=\"wp-block-image\"><figure class=\"aligncenter size-large is-resized\"><img loading=\"lazy\" decoding=\"async\" src=\"https:\/\/art.karsten-goetz.de\/wp-content\/uploads\/2021\/01\/about_me.png\" alt=\"\" class=\"wp-image-340\" width=\"379\" height=\"240\" srcset=\"https:\/\/art.karsten-goetz.de\/wp-content\/uploads\/2021\/01\/about_me-416x265.png 416w, https:\/\/art.karsten-goetz.de\/wp-content\/uploads\/2021\/01\/about_me-300x191.png 300w\" sizes=\"auto, (max-width: 379px) 100vw, 379px\" \/><\/figure><\/div>\n\n\n\n<p>If you have any questions for me, please write me an <a class=\"ek-link\" href=\"mailto:kontakt@karsten-goetz.de\">e-mail<\/a><\/p>\n\n\n\n<p>Born in 1971<br>I have been involved in art since 1985<br>In 2000 I get a diploma in communication design<br>I have been working as a freelancer and advertising designer since 2004<\/p>\n\n\n\n<p>I live in Cologne, Germany.<\/p>","protected":false},"excerpt":{"rendered":"<p>Wenn Sie Fragen an mich haben schreiben Sie mir gerne eine E-Mail 1971 geborenSeit 1985 besch\u00e4ftige ich mich mit Kunst2000 schlie\u00dfe ich ein Diplom in Kommunikationsdesign abSeit 2004 arbeite ich als Freelancer und Werbdesigner Ich lebe in K\u00f6ln, Deutschland.<\/p>","protected":false},"author":1,"featured_media":0,"parent":0,"menu_order":0,"comment_status":"closed","ping_status":"closed","template":"template-fullwidth.php","meta":{"footnotes":""},"folder":[49],"class_list":["post-99","page","type-page","status-publish","hentry"],"amp_enabled":false,"_links":{"self":[{"href":"https:\/\/art.karsten-goetz.de\/en\/wp-json\/wp\/v2\/pages\/99","targetHints":{"allow":["GET"]}}],"collection":[{"href":"https:\/\/art.karsten-goetz.de\/en\/wp-json\/wp\/v2\/pages"}],"about":[{"href":"https:\/\/art.karsten-goetz.de\/en\/wp-json\/wp\/v2\/types\/page"}],"author":[{"embeddable":true,"href":"https:\/\/art.karsten-goetz.de\/en\/wp-json\/wp\/v2\/users\/1"}],"replies":[{"embeddable":true,"href":"https:\/\/art.karsten-goetz.de\/en\/wp-json\/wp\/v2\/comments?post=99"}],"version-history":[{"count":25,"href":"https:\/\/art.karsten-goetz.de\/en\/wp-json\/wp\/v2\/pages\/99\/revisions"}],"predecessor-version":[{"id":3583,"href":"https:\/\/art.karsten-goetz.de\/en\/wp-json\/wp\/v2\/pages\/99\/revisions\/3583"}],"wp:attachment":[{"href":"https:\/\/art.karsten-goetz.de\/en\/wp-json\/wp\/v2\/media?parent=99"}],"wp:term":[{"taxonomy":"folder","embeddable":true,"href":"https:\/\/art.karsten-goetz.de\/en\/wp-json\/wp\/v2\/folder?post=99"}],"curies":[{"name":"wp","href":"https:\/\/api.w.org\/{rel}","templated":true}]}}