{"id":478,"date":"2021-09-09T17:04:29","date_gmt":"2021-09-09T15:04:29","guid":{"rendered":"https:\/\/art.karsten-goetz.de\/my-account\/"},"modified":"2021-11-09T15:10:13","modified_gmt":"2021-11-09T14:10:13","slug":"benutzerkonto","status":"publish","type":"page","link":"https:\/\/art.karsten-goetz.de\/en\/benutzerkonto\/","title":{"rendered":"Benutzerkonto"},"content":{"rendered":"<h2 class=\"has-text-align-center wp-block-heading\">Ihr Benutzerkonto<\/h2>\n\n\n\n<p class=\"has-text-align-center\">Sch\u00f6n das Sie \u00fcber einen Account mit dieser Seite in Verbindung bleiben m\u00f6chten. <\/p>\n\n\n\n<div style=\"height:63px\" aria-hidden=\"true\" class=\"wp-block-spacer\"><\/div>\n\n\n<div class=\"woocommerce\"><\/div>","protected":false},"excerpt":{"rendered":"<p>Ihr Benutzerkonto Sch\u00f6n das Sie \u00fcber einen Account mit dieser Seite in Verbindung bleiben m\u00f6chten.<\/p>","protected":false},"author":1,"featured_media":0,"parent":0,"menu_order":0,"comment_status":"closed","ping_status":"closed","template":"","meta":{"footnotes":""},"folder":[28],"class_list":["post-478","page","type-page","status-publish","hentry"],"amp_enabled":true,"_links":{"self":[{"href":"https:\/\/art.karsten-goetz.de\/en\/wp-json\/wp\/v2\/pages\/478","targetHints":{"allow":["GET"]}}],"collection":[{"href":"https:\/\/art.karsten-goetz.de\/en\/wp-json\/wp\/v2\/pages"}],"about":[{"href":"https:\/\/art.karsten-goetz.de\/en\/wp-json\/wp\/v2\/types\/page"}],"author":[{"embeddable":true,"href":"https:\/\/art.karsten-goetz.de\/en\/wp-json\/wp\/v2\/users\/1"}],"replies":[{"embeddable":true,"href":"https:\/\/art.karsten-goetz.de\/en\/wp-json\/wp\/v2\/comments?post=478"}],"version-history":[{"count":9,"href":"https:\/\/art.karsten-goetz.de\/en\/wp-json\/wp\/v2\/pages\/478\/revisions"}],"predecessor-version":[{"id":2017,"href":"https:\/\/art.karsten-goetz.de\/en\/wp-json\/wp\/v2\/pages\/478\/revisions\/2017"}],"wp:attachment":[{"href":"https:\/\/art.karsten-goetz.de\/en\/wp-json\/wp\/v2\/media?parent=478"}],"wp:term":[{"taxonomy":"folder","embeddable":true,"href":"https:\/\/art.karsten-goetz.de\/en\/wp-json\/wp\/v2\/folder?post=478"}],"curies":[{"name":"wp","href":"https:\/\/api.w.org\/{rel}","templated":true}]}}