{"id":3751,"date":"2023-02-17T10:51:15","date_gmt":"2023-02-17T09:51:15","guid":{"rendered":"https:\/\/art.karsten-goetz.de\/?page_id=3751"},"modified":"2023-02-17T13:29:19","modified_gmt":"2023-02-17T12:29:19","slug":"infos-and-stories","status":"publish","type":"page","link":"https:\/\/art.karsten-goetz.de\/en\/infos-and-stories\/","title":{"rendered":"Infos &#038; Stories"},"content":{"rendered":"<div class=\"gb-grid-wrapper gb-grid-wrapper-75c29b1a gb-query-loop-wrapper\">\n<div class=\"gb-grid-column gb-grid-column-aef4d9b8 gb-query-loop-item post-3957 post type-post status-publish format-standard has-post-thumbnail hentry category-blog\"><div class=\"gb-container gb-container-aef4d9b8\"><div class=\"gb-inside-container\">\n<figure class=\"gb-block-image gb-block-image-f02c52a8\"><a href=\"https:\/\/art.karsten-goetz.de\/en\/tabula\/\"><img loading=\"lazy\" decoding=\"async\" width=\"1444\" height=\"1444\" src=\"https:\/\/art.karsten-goetz.de\/wp-content\/uploads\/2023\/09\/tabula.png\" class=\"gb-image-f02c52a8\" alt=\"\" srcset=\"https:\/\/art.karsten-goetz.de\/wp-content\/uploads\/2023\/09\/tabula.png 1444w, https:\/\/art.karsten-goetz.de\/wp-content\/uploads\/2023\/09\/tabula-300x300.png 300w, https:\/\/art.karsten-goetz.de\/wp-content\/uploads\/2023\/09\/tabula-1024x1024.png 1024w, https:\/\/art.karsten-goetz.de\/wp-content\/uploads\/2023\/09\/tabula-150x150.png 150w, https:\/\/art.karsten-goetz.de\/wp-content\/uploads\/2023\/09\/tabula-768x768.png 768w, https:\/\/art.karsten-goetz.de\/wp-content\/uploads\/2023\/09\/tabula-12x12.png 12w, https:\/\/art.karsten-goetz.de\/wp-content\/uploads\/2023\/09\/tabula-324x324.png 324w, https:\/\/art.karsten-goetz.de\/wp-content\/uploads\/2023\/09\/tabula-416x416.png 416w, https:\/\/art.karsten-goetz.de\/wp-content\/uploads\/2023\/09\/tabula-100x100.png 100w\" sizes=\"auto, (max-width: 1444px) 100vw, 1444px\" \/><\/a><\/figure>\n\n<h3 class=\"gb-headline gb-headline-6b8ba41c gb-headline-text\"><a href=\"https:\/\/art.karsten-goetz.de\/en\/tabula\/\">Tabula<\/a><\/h3>\n\n<div class=\"gb-headline gb-headline-35b5dfe9 gb-headline-text\">Tabula ist eine Installation und Performance, bei der die aktive Beteiligung das wichtigste Element ist.<\/div>\n<\/div><\/div><\/div>\n\n<div class=\"gb-grid-column gb-grid-column-aef4d9b8 gb-query-loop-item post-3689 post type-post status-publish format-standard has-post-thumbnail hentry category-blog\"><div class=\"gb-container gb-container-aef4d9b8\"><div class=\"gb-inside-container\">\n<figure class=\"gb-block-image gb-block-image-f02c52a8\"><a href=\"https:\/\/art.karsten-goetz.de\/en\/virtuelle-3d-galerie\/\"><img loading=\"lazy\" decoding=\"async\" width=\"1350\" height=\"1350\" src=\"https:\/\/art.karsten-goetz.de\/wp-content\/uploads\/2023\/02\/virtual-gallery-preview-1.jpg\" class=\"gb-image-f02c52a8\" alt=\"\" srcset=\"https:\/\/art.karsten-goetz.de\/wp-content\/uploads\/2023\/02\/virtual-gallery-preview-1.jpg 1350w, https:\/\/art.karsten-goetz.de\/wp-content\/uploads\/2023\/02\/virtual-gallery-preview-1-300x300.jpg 300w, https:\/\/art.karsten-goetz.de\/wp-content\/uploads\/2023\/02\/virtual-gallery-preview-1-1024x1024.jpg 1024w, https:\/\/art.karsten-goetz.de\/wp-content\/uploads\/2023\/02\/virtual-gallery-preview-1-150x150.jpg 150w, https:\/\/art.karsten-goetz.de\/wp-content\/uploads\/2023\/02\/virtual-gallery-preview-1-768x768.jpg 768w, https:\/\/art.karsten-goetz.de\/wp-content\/uploads\/2023\/02\/virtual-gallery-preview-1-12x12.jpg 12w, https:\/\/art.karsten-goetz.de\/wp-content\/uploads\/2023\/02\/virtual-gallery-preview-1-1320x1320.jpg 1320w, https:\/\/art.karsten-goetz.de\/wp-content\/uploads\/2023\/02\/virtual-gallery-preview-1-324x324.jpg 324w, https:\/\/art.karsten-goetz.de\/wp-content\/uploads\/2023\/02\/virtual-gallery-preview-1-416x416.jpg 416w, https:\/\/art.karsten-goetz.de\/wp-content\/uploads\/2023\/02\/virtual-gallery-preview-1-100x100.jpg 100w\" sizes=\"auto, (max-width: 1350px) 100vw, 1350px\" \/><\/a><\/figure>\n\n<h3 class=\"gb-headline gb-headline-6b8ba41c gb-headline-text\"><a href=\"https:\/\/art.karsten-goetz.de\/en\/virtuelle-3d-galerie\/\">Virtual 3D gallery<\/a><\/h3>\n\n<div class=\"gb-headline gb-headline-35b5dfe9 gb-headline-text\">Virtueller Spa\u00df mit Kunstfreunden! Ich bin der Fuchs \ud83d\ude42<\/div>\n<\/div><\/div><\/div>\n<\/div>\n\n\n\n<div class=\"gb-grid-wrapper gb-grid-wrapper-ea6413f4 gb-query-loop-wrapper\">\n<div class=\"gb-grid-column gb-grid-column-8bfb5a76 gb-query-loop-item post-3464 post type-post status-publish format-standard has-post-thumbnail hentry category-blog\"><div class=\"gb-container gb-container-8bfb5a76\"><div class=\"gb-inside-container\">\n<div class=\"gb-grid-wrapper gb-grid-wrapper-cf1407e8\">\n<div class=\"gb-grid-column gb-grid-column-a1211339\"><div class=\"gb-container gb-container-a1211339\"><div class=\"gb-inside-container\">\n<figure class=\"gb-block-image gb-block-image-143aa095\"><img loading=\"lazy\" decoding=\"async\" width=\"1624\" height=\"1634\" src=\"https:\/\/art.karsten-goetz.de\/wp-content\/uploads\/2022\/08\/CleanShot-2022-08-10-at-18.21.55@2x.png\" class=\"gb-image-143aa095\" alt=\"\" srcset=\"https:\/\/art.karsten-goetz.de\/wp-content\/uploads\/2022\/08\/CleanShot-2022-08-10-at-18.21.55@2x.png 1624w, https:\/\/art.karsten-goetz.de\/wp-content\/uploads\/2022\/08\/CleanShot-2022-08-10-at-18.21.55@2x-298x300.png 298w, https:\/\/art.karsten-goetz.de\/wp-content\/uploads\/2022\/08\/CleanShot-2022-08-10-at-18.21.55@2x-1018x1024.png 1018w, https:\/\/art.karsten-goetz.de\/wp-content\/uploads\/2022\/08\/CleanShot-2022-08-10-at-18.21.55@2x-150x150.png 150w, https:\/\/art.karsten-goetz.de\/wp-content\/uploads\/2022\/08\/CleanShot-2022-08-10-at-18.21.55@2x-768x773.png 768w, https:\/\/art.karsten-goetz.de\/wp-content\/uploads\/2022\/08\/CleanShot-2022-08-10-at-18.21.55@2x-1527x1536.png 1527w, https:\/\/art.karsten-goetz.de\/wp-content\/uploads\/2022\/08\/CleanShot-2022-08-10-at-18.21.55@2x-12x12.png 12w, https:\/\/art.karsten-goetz.de\/wp-content\/uploads\/2022\/08\/CleanShot-2022-08-10-at-18.21.55@2x-1320x1328.png 1320w, https:\/\/art.karsten-goetz.de\/wp-content\/uploads\/2022\/08\/CleanShot-2022-08-10-at-18.21.55@2x-324x326.png 324w, https:\/\/art.karsten-goetz.de\/wp-content\/uploads\/2022\/08\/CleanShot-2022-08-10-at-18.21.55@2x-416x419.png 416w, https:\/\/art.karsten-goetz.de\/wp-content\/uploads\/2022\/08\/CleanShot-2022-08-10-at-18.21.55@2x-100x100.png 100w\" sizes=\"auto, (max-width: 1624px) 100vw, 1624px\" \/><\/figure>\n<\/div><\/div><\/div>\n\n<div class=\"gb-grid-column gb-grid-column-019a3c81\"><div class=\"gb-container gb-container-019a3c81\"><div class=\"gb-inside-container\">\n<h3 class=\"gb-headline gb-headline-2aebac82 gb-headline-text\"><a href=\"https:\/\/art.karsten-goetz.de\/en\/abstrakte-kunst\/\">Abstract art<\/a><\/h3>\n\n<div class=\"gb-headline gb-headline-08181a96 gb-headline-text\">Abstrakte Kunst und Alchemie: abstrakte Malerei welche die Beziehung zwischen Alchemie und Kunstprozess ergr\u00fcndet. Ich biete die Bilder auch als signierte Kunstdrucke oder Poster an.  <\/div>\n<\/div><\/div><\/div>\n<\/div>\n<\/div><\/div><\/div>\n\n<div class=\"gb-grid-column gb-grid-column-8bfb5a76 gb-query-loop-item post-3437 post type-post status-publish format-standard has-post-thumbnail hentry category-blog\"><div class=\"gb-container gb-container-8bfb5a76\"><div class=\"gb-inside-container\">\n<div class=\"gb-grid-wrapper gb-grid-wrapper-cf1407e8\">\n<div class=\"gb-grid-column gb-grid-column-a1211339\"><div class=\"gb-container gb-container-a1211339\"><div class=\"gb-inside-container\">\n<figure class=\"gb-block-image gb-block-image-143aa095\"><img loading=\"lazy\" decoding=\"async\" width=\"1350\" height=\"1350\" src=\"https:\/\/art.karsten-goetz.de\/wp-content\/uploads\/2022\/06\/preview-branches.jpg\" class=\"gb-image-143aa095\" alt=\"\" srcset=\"https:\/\/art.karsten-goetz.de\/wp-content\/uploads\/2022\/06\/preview-branches.jpg 1350w, https:\/\/art.karsten-goetz.de\/wp-content\/uploads\/2022\/06\/preview-branches-300x300.jpg 300w, https:\/\/art.karsten-goetz.de\/wp-content\/uploads\/2022\/06\/preview-branches-1024x1024.jpg 1024w, https:\/\/art.karsten-goetz.de\/wp-content\/uploads\/2022\/06\/preview-branches-150x150.jpg 150w, https:\/\/art.karsten-goetz.de\/wp-content\/uploads\/2022\/06\/preview-branches-768x768.jpg 768w, https:\/\/art.karsten-goetz.de\/wp-content\/uploads\/2022\/06\/preview-branches-12x12.jpg 12w, https:\/\/art.karsten-goetz.de\/wp-content\/uploads\/2022\/06\/preview-branches-1320x1320.jpg 1320w, https:\/\/art.karsten-goetz.de\/wp-content\/uploads\/2022\/06\/preview-branches-324x324.jpg 324w, https:\/\/art.karsten-goetz.de\/wp-content\/uploads\/2022\/06\/preview-branches-416x416.jpg 416w, https:\/\/art.karsten-goetz.de\/wp-content\/uploads\/2022\/06\/preview-branches-100x100.jpg 100w\" sizes=\"auto, (max-width: 1350px) 100vw, 1350px\" \/><\/figure>\n<\/div><\/div><\/div>\n\n<div class=\"gb-grid-column gb-grid-column-019a3c81\"><div class=\"gb-container gb-container-019a3c81\"><div class=\"gb-inside-container\">\n<h3 class=\"gb-headline gb-headline-2aebac82 gb-headline-text\"><a href=\"https:\/\/art.karsten-goetz.de\/en\/foto-und-kollage\/\">Foto und Kollage<\/a><\/h3>\n\n<div class=\"gb-headline gb-headline-08181a96 gb-headline-text\">Drei Fotoserien: auf unterschiedlichen Wegen n\u00e4here ich mich dem Thema Wald.<\/div>\n<\/div><\/div><\/div>\n<\/div>\n<\/div><\/div><\/div>\n\n<div class=\"gb-grid-column gb-grid-column-8bfb5a76 gb-query-loop-item post-3431 post type-post status-publish format-standard has-post-thumbnail hentry category-blog\"><div class=\"gb-container gb-container-8bfb5a76\"><div class=\"gb-inside-container\">\n<div class=\"gb-grid-wrapper gb-grid-wrapper-cf1407e8\">\n<div class=\"gb-grid-column gb-grid-column-a1211339\"><div class=\"gb-container gb-container-a1211339\"><div class=\"gb-inside-container\">\n<figure class=\"gb-block-image gb-block-image-143aa095\"><img loading=\"lazy\" decoding=\"async\" width=\"1350\" height=\"1350\" src=\"https:\/\/art.karsten-goetz.de\/wp-content\/uploads\/2022\/06\/preview-kreidebilder.jpg\" class=\"gb-image-143aa095\" alt=\"\" srcset=\"https:\/\/art.karsten-goetz.de\/wp-content\/uploads\/2022\/06\/preview-kreidebilder.jpg 1350w, https:\/\/art.karsten-goetz.de\/wp-content\/uploads\/2022\/06\/preview-kreidebilder-300x300.jpg 300w, https:\/\/art.karsten-goetz.de\/wp-content\/uploads\/2022\/06\/preview-kreidebilder-1024x1024.jpg 1024w, https:\/\/art.karsten-goetz.de\/wp-content\/uploads\/2022\/06\/preview-kreidebilder-150x150.jpg 150w, https:\/\/art.karsten-goetz.de\/wp-content\/uploads\/2022\/06\/preview-kreidebilder-768x768.jpg 768w, https:\/\/art.karsten-goetz.de\/wp-content\/uploads\/2022\/06\/preview-kreidebilder-12x12.jpg 12w, https:\/\/art.karsten-goetz.de\/wp-content\/uploads\/2022\/06\/preview-kreidebilder-1320x1320.jpg 1320w, https:\/\/art.karsten-goetz.de\/wp-content\/uploads\/2022\/06\/preview-kreidebilder-324x324.jpg 324w, https:\/\/art.karsten-goetz.de\/wp-content\/uploads\/2022\/06\/preview-kreidebilder-416x416.jpg 416w, https:\/\/art.karsten-goetz.de\/wp-content\/uploads\/2022\/06\/preview-kreidebilder-100x100.jpg 100w\" sizes=\"auto, (max-width: 1350px) 100vw, 1350px\" \/><\/figure>\n<\/div><\/div><\/div>\n\n<div class=\"gb-grid-column gb-grid-column-019a3c81\"><div class=\"gb-container gb-container-019a3c81\"><div class=\"gb-inside-container\">\n<h3 class=\"gb-headline gb-headline-2aebac82 gb-headline-text\"><a href=\"https:\/\/art.karsten-goetz.de\/en\/kreidebilder\/\">Kreidebilder<\/a><\/h3>\n\n<div class=\"gb-headline gb-headline-08181a96 gb-headline-text\">Sechs Kreide-Bilder entstanden in Anlehnung an M.K. \u010ciurlionis Triptichon &#8222;Die Reise des K\u00f6nigsohnes&#8220;.  \u010ciurlionis war als Komponist und Maler t\u00e4tig.<\/div>\n<\/div><\/div><\/div>\n<\/div>\n<\/div><\/div><\/div>\n\n<div class=\"gb-grid-column gb-grid-column-8bfb5a76 gb-query-loop-item post-1278 post type-post status-publish format-standard has-post-thumbnail hentry category-blog\"><div class=\"gb-container gb-container-8bfb5a76\"><div class=\"gb-inside-container\">\n<div class=\"gb-grid-wrapper gb-grid-wrapper-cf1407e8\">\n<div class=\"gb-grid-column gb-grid-column-a1211339\"><div class=\"gb-container gb-container-a1211339\"><div class=\"gb-inside-container\">\n<figure class=\"gb-block-image gb-block-image-143aa095\"><img loading=\"lazy\" decoding=\"async\" width=\"1350\" height=\"1351\" src=\"https:\/\/art.karsten-goetz.de\/wp-content\/uploads\/2023\/02\/preview-video.jpg\" class=\"gb-image-143aa095\" alt=\"\" srcset=\"https:\/\/art.karsten-goetz.de\/wp-content\/uploads\/2023\/02\/preview-video.jpg 1350w, https:\/\/art.karsten-goetz.de\/wp-content\/uploads\/2023\/02\/preview-video-300x300.jpg 300w, https:\/\/art.karsten-goetz.de\/wp-content\/uploads\/2023\/02\/preview-video-1024x1024.jpg 1024w, https:\/\/art.karsten-goetz.de\/wp-content\/uploads\/2023\/02\/preview-video-150x150.jpg 150w, https:\/\/art.karsten-goetz.de\/wp-content\/uploads\/2023\/02\/preview-video-768x769.jpg 768w, https:\/\/art.karsten-goetz.de\/wp-content\/uploads\/2023\/02\/preview-video-12x12.jpg 12w, https:\/\/art.karsten-goetz.de\/wp-content\/uploads\/2023\/02\/preview-video-1320x1321.jpg 1320w, https:\/\/art.karsten-goetz.de\/wp-content\/uploads\/2023\/02\/preview-video-324x324.jpg 324w, https:\/\/art.karsten-goetz.de\/wp-content\/uploads\/2023\/02\/preview-video-416x416.jpg 416w, https:\/\/art.karsten-goetz.de\/wp-content\/uploads\/2023\/02\/preview-video-100x100.jpg 100w\" sizes=\"auto, (max-width: 1350px) 100vw, 1350px\" \/><\/figure>\n<\/div><\/div><\/div>\n\n<div class=\"gb-grid-column gb-grid-column-019a3c81\"><div class=\"gb-container gb-container-019a3c81\"><div class=\"gb-inside-container\">\n<h3 class=\"gb-headline gb-headline-2aebac82 gb-headline-text\"><a href=\"https:\/\/art.karsten-goetz.de\/en\/digitaler-spielplatz-bild-video-sound\/\">Video, picture &amp; sound<\/a><\/h3>\n\n<div class=\"gb-headline gb-headline-08181a96 gb-headline-text\">Digital game with interaction.<\/div>\n<\/div><\/div><\/div>\n<\/div>\n<\/div><\/div><\/div>\n\n<div class=\"gb-grid-column gb-grid-column-8bfb5a76 gb-query-loop-item post-989 post type-post status-publish format-standard has-post-thumbnail hentry category-blog\"><div class=\"gb-container gb-container-8bfb5a76\"><div class=\"gb-inside-container\">\n<div class=\"gb-grid-wrapper gb-grid-wrapper-cf1407e8\">\n<div class=\"gb-grid-column gb-grid-column-a1211339\"><div class=\"gb-container gb-container-a1211339\"><div class=\"gb-inside-container\">\n<figure class=\"gb-block-image gb-block-image-143aa095\"><img loading=\"lazy\" decoding=\"async\" width=\"1469\" height=\"1469\" src=\"https:\/\/art.karsten-goetz.de\/wp-content\/uploads\/2021\/11\/kg-portrait.jpeg\" class=\"gb-image-143aa095\" alt=\"\" srcset=\"https:\/\/art.karsten-goetz.de\/wp-content\/uploads\/2021\/11\/kg-portrait.jpeg 1469w, https:\/\/art.karsten-goetz.de\/wp-content\/uploads\/2021\/11\/kg-portrait-300x300.jpeg 300w, https:\/\/art.karsten-goetz.de\/wp-content\/uploads\/2021\/11\/kg-portrait-1024x1024.jpeg 1024w, https:\/\/art.karsten-goetz.de\/wp-content\/uploads\/2021\/11\/kg-portrait-150x150.jpeg 150w, https:\/\/art.karsten-goetz.de\/wp-content\/uploads\/2021\/11\/kg-portrait-768x768.jpeg 768w, https:\/\/art.karsten-goetz.de\/wp-content\/uploads\/2021\/11\/kg-portrait-12x12.jpeg 12w, https:\/\/art.karsten-goetz.de\/wp-content\/uploads\/2021\/11\/kg-portrait-1320x1320.jpeg 1320w, https:\/\/art.karsten-goetz.de\/wp-content\/uploads\/2021\/11\/kg-portrait-324x324.jpeg 324w, https:\/\/art.karsten-goetz.de\/wp-content\/uploads\/2021\/11\/kg-portrait-416x416.jpeg 416w, https:\/\/art.karsten-goetz.de\/wp-content\/uploads\/2021\/11\/kg-portrait-100x100.jpeg 100w\" sizes=\"auto, (max-width: 1469px) 100vw, 1469px\" \/><\/figure>\n<\/div><\/div><\/div>\n\n<div class=\"gb-grid-column gb-grid-column-019a3c81\"><div class=\"gb-container gb-container-019a3c81\"><div class=\"gb-inside-container\">\n<h3 class=\"gb-headline gb-headline-2aebac82 gb-headline-text\"><a href=\"https:\/\/art.karsten-goetz.de\/en\/die-welt-in-farbe-sehen\/\">Color! Splash!<\/a><\/h3>\n\n<div class=\"gb-headline gb-headline-08181a96 gb-headline-text\">Ich will meine Farben und Kleckse bunt und fett in diese Welt werfen.<\/div>\n<\/div><\/div><\/div>\n<\/div>\n<\/div><\/div><\/div>\n\n<div class=\"gb-grid-column gb-grid-column-8bfb5a76 gb-query-loop-item post-967 post type-post status-publish format-standard has-post-thumbnail hentry category-inspiration category-kuenstler\"><div class=\"gb-container gb-container-8bfb5a76\"><div class=\"gb-inside-container\">\n<div class=\"gb-grid-wrapper gb-grid-wrapper-cf1407e8\">\n<div class=\"gb-grid-column gb-grid-column-a1211339\"><div class=\"gb-container gb-container-a1211339\"><div class=\"gb-inside-container\">\n<figure class=\"gb-block-image gb-block-image-143aa095\"><img loading=\"lazy\" decoding=\"async\" width=\"1116\" height=\"1184\" src=\"https:\/\/art.karsten-goetz.de\/wp-content\/uploads\/2021\/09\/william-kentridge.png\" class=\"gb-image-143aa095\" alt=\"\" srcset=\"https:\/\/art.karsten-goetz.de\/wp-content\/uploads\/2021\/09\/william-kentridge.png 1116w, https:\/\/art.karsten-goetz.de\/wp-content\/uploads\/2021\/09\/william-kentridge-324x344.png 324w, https:\/\/art.karsten-goetz.de\/wp-content\/uploads\/2021\/09\/william-kentridge-416x441.png 416w, https:\/\/art.karsten-goetz.de\/wp-content\/uploads\/2021\/09\/william-kentridge-283x300.png 283w, https:\/\/art.karsten-goetz.de\/wp-content\/uploads\/2021\/09\/william-kentridge-965x1024.png 965w, https:\/\/art.karsten-goetz.de\/wp-content\/uploads\/2021\/09\/william-kentridge-768x815.png 768w, https:\/\/art.karsten-goetz.de\/wp-content\/uploads\/2021\/09\/william-kentridge-11x12.png 11w\" sizes=\"auto, (max-width: 1116px) 100vw, 1116px\" \/><\/figure>\n<\/div><\/div><\/div>\n\n<div class=\"gb-grid-column gb-grid-column-019a3c81\"><div class=\"gb-container gb-container-019a3c81\"><div class=\"gb-inside-container\">\n<h3 class=\"gb-headline gb-headline-2aebac82 gb-headline-text\"><a href=\"https:\/\/art.karsten-goetz.de\/en\/william-kentridge\/\">Documentation about William Kentridge<\/a><\/h3>\n\n<div class=\"gb-headline gb-headline-08181a96 gb-headline-text\">Beitr\u00e4ge zu William Kentridge auf Arte und Youtube.<\/div>\n<\/div><\/div><\/div>\n<\/div>\n<\/div><\/div><\/div>\n\n<div class=\"gb-grid-column gb-grid-column-8bfb5a76 gb-query-loop-item post-757 post type-post status-publish format-standard has-post-thumbnail hentry category-buecher\"><div class=\"gb-container gb-container-8bfb5a76\"><div class=\"gb-inside-container\">\n<div class=\"gb-grid-wrapper gb-grid-wrapper-cf1407e8\">\n<div class=\"gb-grid-column gb-grid-column-a1211339\"><div class=\"gb-container gb-container-a1211339\"><div class=\"gb-inside-container\">\n<figure class=\"gb-block-image gb-block-image-143aa095\"><img loading=\"lazy\" decoding=\"async\" width=\"1350\" height=\"1350\" src=\"https:\/\/art.karsten-goetz.de\/wp-content\/uploads\/2021\/09\/preview-swda-2.jpg\" class=\"gb-image-143aa095\" alt=\"\" srcset=\"https:\/\/art.karsten-goetz.de\/wp-content\/uploads\/2021\/09\/preview-swda-2.jpg 1350w, https:\/\/art.karsten-goetz.de\/wp-content\/uploads\/2021\/09\/preview-swda-2-300x300.jpg 300w, https:\/\/art.karsten-goetz.de\/wp-content\/uploads\/2021\/09\/preview-swda-2-1024x1024.jpg 1024w, https:\/\/art.karsten-goetz.de\/wp-content\/uploads\/2021\/09\/preview-swda-2-150x150.jpg 150w, https:\/\/art.karsten-goetz.de\/wp-content\/uploads\/2021\/09\/preview-swda-2-768x768.jpg 768w, https:\/\/art.karsten-goetz.de\/wp-content\/uploads\/2021\/09\/preview-swda-2-12x12.jpg 12w, https:\/\/art.karsten-goetz.de\/wp-content\/uploads\/2021\/09\/preview-swda-2-1320x1320.jpg 1320w, https:\/\/art.karsten-goetz.de\/wp-content\/uploads\/2021\/09\/preview-swda-2-324x324.jpg 324w, https:\/\/art.karsten-goetz.de\/wp-content\/uploads\/2021\/09\/preview-swda-2-416x416.jpg 416w, https:\/\/art.karsten-goetz.de\/wp-content\/uploads\/2021\/09\/preview-swda-2-100x100.jpg 100w\" sizes=\"auto, (max-width: 1350px) 100vw, 1350px\" \/><\/figure>\n<\/div><\/div><\/div>\n\n<div class=\"gb-grid-column gb-grid-column-019a3c81\"><div class=\"gb-container gb-container-019a3c81\"><div class=\"gb-inside-container\">\n<h3 class=\"gb-headline gb-headline-2aebac82 gb-headline-text\"><a href=\"https:\/\/art.karsten-goetz.de\/en\/spiritualitaet-das-geistige-in-der-kunst\/\">The spiritual roots of abstraction<\/a><\/h3>\n\n<div class=\"gb-headline gb-headline-08181a96 gb-headline-text\">An incomplete collection of books on the links between spirituality and painting.<\/div>\n<\/div><\/div><\/div>\n<\/div>\n<\/div><\/div><\/div>\n<\/div>","protected":false},"excerpt":{"rendered":"","protected":false},"author":1,"featured_media":0,"parent":0,"menu_order":0,"comment_status":"closed","ping_status":"closed","template":"","meta":{"footnotes":""},"folder":[],"class_list":["post-3751","page","type-page","status-publish","hentry"],"amp_enabled":true,"_links":{"self":[{"href":"https:\/\/art.karsten-goetz.de\/en\/wp-json\/wp\/v2\/pages\/3751","targetHints":{"allow":["GET"]}}],"collection":[{"href":"https:\/\/art.karsten-goetz.de\/en\/wp-json\/wp\/v2\/pages"}],"about":[{"href":"https:\/\/art.karsten-goetz.de\/en\/wp-json\/wp\/v2\/types\/page"}],"author":[{"embeddable":true,"href":"https:\/\/art.karsten-goetz.de\/en\/wp-json\/wp\/v2\/users\/1"}],"replies":[{"embeddable":true,"href":"https:\/\/art.karsten-goetz.de\/en\/wp-json\/wp\/v2\/comments?post=3751"}],"version-history":[{"count":27,"href":"https:\/\/art.karsten-goetz.de\/en\/wp-json\/wp\/v2\/pages\/3751\/revisions"}],"predecessor-version":[{"id":3804,"href":"https:\/\/art.karsten-goetz.de\/en\/wp-json\/wp\/v2\/pages\/3751\/revisions\/3804"}],"wp:attachment":[{"href":"https:\/\/art.karsten-goetz.de\/en\/wp-json\/wp\/v2\/media?parent=3751"}],"wp:term":[{"taxonomy":"folder","embeddable":true,"href":"https:\/\/art.karsten-goetz.de\/en\/wp-json\/wp\/v2\/folder?post=3751"}],"curies":[{"name":"wp","href":"https:\/\/api.w.org\/{rel}","templated":true}]}}